{"id":15,"date":"2023-01-05T23:58:12","date_gmt":"2023-01-05T23:58:12","guid":{"rendered":"https:\/\/f1.com.uy\/?page_id=15"},"modified":"2023-04-08T17:03:43","modified_gmt":"2023-04-08T20:03:43","slug":"venta-de-equipos","status":"publish","type":"page","link":"https:\/\/f1.com.uy\/index.php\/venta-de-equipos\/","title":{"rendered":"Venta de equipos"},"content":{"rendered":"<p>En <strong><span style=\"color: #ff0000;\">F1<\/span><\/strong> <span style=\"color: #ff6600;\">Soluciones Inform\u00e1ticas<\/span> nos enfocamos en ofrecer productos y servicios de calidad a precios accesibles. Contamos con una amplia variedad de computadoras y accesorios nuevos y recertificados para satisfacer todas las necesidades y presupuestos.<\/p>\n<p>Adem\u00e1s, ofrecemos asesoramiento personalizado para ayudar a nuestros clientes a encontrar la mejor opci\u00f3n para ellos. Nos encantar\u00eda que nos contacte y nos cuente acerca de sus necesidades. De esta manera, podemos ofrecerle un presupuesto a medida que se ajuste a sus necesidades y presupuesto.<\/p>\n<p>En <strong><span style=\"color: #ff0000;\">F1<\/span><\/strong> <span style=\"color: #ff6600;\">Soluciones Inform\u00e1ticas<\/span>, nos esforzamos por ofrecer soluciones completas de tecnolog\u00eda para nuestros clientes. Si est\u00e1 buscando una computadora o accesorio de calidad a un precio asequible, no dude en contactarnos. Estaremos encantados de ayudarle a encontrar la mejor opci\u00f3n para usted.<\/p>\n<p>[wpforms id=\u00bb74&#8243;]<\/p>\n","protected":false},"excerpt":{"rendered":"<p>En F1 Soluciones Inform\u00e1ticas nos enfocamos en ofrecer productos y servicios de calidad a precios accesibles. Contamos con una amplia<\/p>\n","protected":false},"author":1,"featured_media":0,"parent":0,"menu_order":0,"comment_status":"closed","ping_status":"closed","template":"","meta":{"footnotes":""},"class_list":["post-15","page","type-page","status-publish","hentry"],"_links":{"self":[{"href":"https:\/\/f1.com.uy\/index.php\/wp-json\/wp\/v2\/pages\/15","targetHints":{"allow":["GET"]}}],"collection":[{"href":"https:\/\/f1.com.uy\/index.php\/wp-json\/wp\/v2\/pages"}],"about":[{"href":"https:\/\/f1.com.uy\/index.php\/wp-json\/wp\/v2\/types\/page"}],"author":[{"embeddable":true,"href":"https:\/\/f1.com.uy\/index.php\/wp-json\/wp\/v2\/users\/1"}],"replies":[{"embeddable":true,"href":"https:\/\/f1.com.uy\/index.php\/wp-json\/wp\/v2\/comments?post=15"}],"version-history":[{"count":4,"href":"https:\/\/f1.com.uy\/index.php\/wp-json\/wp\/v2\/pages\/15\/revisions"}],"predecessor-version":[{"id":78,"href":"https:\/\/f1.com.uy\/index.php\/wp-json\/wp\/v2\/pages\/15\/revisions\/78"}],"wp:attachment":[{"href":"https:\/\/f1.com.uy\/index.php\/wp-json\/wp\/v2\/media?parent=15"}],"curies":[{"name":"wp","href":"https:\/\/api.w.org\/{rel}","templated":true}]}}